{"id":143,"date":"2023-09-04T19:39:05","date_gmt":"2023-09-04T17:39:05","guid":{"rendered":"https:\/\/ecolesaintetherese-sodt.fr\/?page_id=143"},"modified":"2026-01-06T11:43:26","modified_gmt":"2026-01-06T10:43:26","slug":"la-rentree-2022-2023","status":"publish","type":"page","link":"https:\/\/ecolesaintetherese-sodt.fr\/index.php\/la-rentree-2022-2023\/","title":{"rendered":"La rentr\u00e9e 2025-2026"},"content":{"rendered":"\n<p>C&rsquo;est avec le sourire que chacun a retrouv\u00e9 ses copains, ses copines, ses maitresses. Le mauvais temps n&rsquo;a pas g\u00e2ch\u00e9 le plaisir de se revoir. D&rsquo;ailleurs, il n&rsquo;y a pas de mauvais temps, mais de mauvaises tenues ! C&rsquo;est le leitmotiv de toute l&rsquo;\u00e9quipe enseignante qui, enthousiaste au regard de la formation suivie sur <strong><em>l&rsquo;\u00e9cole du dehors<\/em><\/strong>, se fait une joie de prolonger les apprentissages au-del\u00e0 des murs de la classe. <\/p>\n\n\n\n\n\n<figure class=\"wp-block-gallery has-nested-images columns-default is-cropped wp-block-gallery-1 is-layout-flex wp-block-gallery-is-layout-flex\">\n<figure class=\"wp-block-image size-large\"><img loading=\"lazy\" decoding=\"async\" width=\"1024\" height=\"768\" data-id=\"1516\" src=\"https:\/\/ecolesaintetherese-sodt.fr\/wp-content\/uploads\/2023\/09\/IMG-20230904-WA0028-1024x768.jpg\" alt=\"\" class=\"wp-image-1516\" srcset=\"https:\/\/ecolesaintetherese-sodt.fr\/wp-content\/uploads\/2023\/09\/IMG-20230904-WA0028-1024x768.jpg 1024w, https:\/\/ecolesaintetherese-sodt.fr\/wp-content\/uploads\/2023\/09\/IMG-20230904-WA0028-300x225.jpg 300w, https:\/\/ecolesaintetherese-sodt.fr\/wp-content\/uploads\/2023\/09\/IMG-20230904-WA0028-768x576.jpg 768w, https:\/\/ecolesaintetherese-sodt.fr\/wp-content\/uploads\/2023\/09\/IMG-20230904-WA0028-1536x1152.jpg 1536w, https:\/\/ecolesaintetherese-sodt.fr\/wp-content\/uploads\/2023\/09\/IMG-20230904-WA0028.jpg 2016w\" sizes=\"auto, (max-width: 1024px) 100vw, 1024px\" \/><\/figure>\n\n\n\n<figure class=\"wp-block-image size-large\"><img loading=\"lazy\" decoding=\"async\" width=\"1024\" height=\"768\" data-id=\"1517\" src=\"https:\/\/ecolesaintetherese-sodt.fr\/wp-content\/uploads\/2023\/09\/IMG-20230904-WA0021-1024x768.jpg\" alt=\"\" class=\"wp-image-1517\" srcset=\"https:\/\/ecolesaintetherese-sodt.fr\/wp-content\/uploads\/2023\/09\/IMG-20230904-WA0021-1024x768.jpg 1024w, https:\/\/ecolesaintetherese-sodt.fr\/wp-content\/uploads\/2023\/09\/IMG-20230904-WA0021-300x225.jpg 300w, https:\/\/ecolesaintetherese-sodt.fr\/wp-content\/uploads\/2023\/09\/IMG-20230904-WA0021-768x576.jpg 768w, https:\/\/ecolesaintetherese-sodt.fr\/wp-content\/uploads\/2023\/09\/IMG-20230904-WA0021-1536x1152.jpg 1536w, https:\/\/ecolesaintetherese-sodt.fr\/wp-content\/uploads\/2023\/09\/IMG-20230904-WA0021.jpg 2016w\" sizes=\"auto, (max-width: 1024px) 100vw, 1024px\" \/><\/figure>\n<\/figure>\n\n\n\n<div class=\"wp-block-jetpack-tiled-gallery aligncenter is-style-rectangular\"><div class=\"tiled-gallery__gallery\"><div class=\"tiled-gallery__row\"><div class=\"tiled-gallery__col\" style=\"flex-basis:38.76381%\"><figure class=\"tiled-gallery__item\"><img decoding=\"async\" srcset=\"https:\/\/i0.wp.com\/ecolesaintetherese-sodt.fr\/wp-content\/uploads\/2023\/09\/IMG-20230904-WA0030-1024x768.jpg?strip=info&#038;w=600&#038;ssl=1 600w,https:\/\/i0.wp.com\/ecolesaintetherese-sodt.fr\/wp-content\/uploads\/2023\/09\/IMG-20230904-WA0030-1024x768.jpg?strip=info&#038;w=900&#038;ssl=1 900w,https:\/\/i0.wp.com\/ecolesaintetherese-sodt.fr\/wp-content\/uploads\/2023\/09\/IMG-20230904-WA0030-1024x768.jpg?strip=info&#038;w=1200&#038;ssl=1 1200w,https:\/\/i0.wp.com\/ecolesaintetherese-sodt.fr\/wp-content\/uploads\/2023\/09\/IMG-20230904-WA0030-1024x768.jpg?strip=info&#038;w=1500&#038;ssl=1 1500w,https:\/\/i0.wp.com\/ecolesaintetherese-sodt.fr\/wp-content\/uploads\/2023\/09\/IMG-20230904-WA0030-1024x768.jpg?strip=info&#038;w=1800&#038;ssl=1 1800w,https:\/\/i0.wp.com\/ecolesaintetherese-sodt.fr\/wp-content\/uploads\/2023\/09\/IMG-20230904-WA0030-1024x768.jpg?strip=info&#038;w=2000&#038;ssl=1 2000w\" alt=\"\" data-height=\"1512\" data-id=\"1523\" data-link=\"https:\/\/ecolesaintetherese-sodt.fr\/index.php\/la-rentree-2022-2023\/img-20230904-wa0030\/\" data-url=\"https:\/\/ecolesaintetherese-sodt.fr\/wp-content\/uploads\/2023\/09\/IMG-20230904-WA0030-1024x768.jpg\" data-width=\"2016\" src=\"https:\/\/i0.wp.com\/ecolesaintetherese-sodt.fr\/wp-content\/uploads\/2023\/09\/IMG-20230904-WA0030-1024x768.jpg?ssl=1\" data-amp-layout=\"responsive\"\/><\/figure><\/div><div class=\"tiled-gallery__col\" style=\"flex-basis:61.23619%\"><figure class=\"tiled-gallery__item\"><img decoding=\"async\" srcset=\"https:\/\/i1.wp.com\/ecolesaintetherese-sodt.fr\/wp-content\/uploads\/2023\/09\/IMG_20230904_153456-1-1024x485.jpg?strip=info&#038;w=600&#038;ssl=1 600w,https:\/\/i1.wp.com\/ecolesaintetherese-sodt.fr\/wp-content\/uploads\/2023\/09\/IMG_20230904_153456-1-1024x485.jpg?strip=info&#038;w=900&#038;ssl=1 900w,https:\/\/i1.wp.com\/ecolesaintetherese-sodt.fr\/wp-content\/uploads\/2023\/09\/IMG_20230904_153456-1-1024x485.jpg?strip=info&#038;w=1200&#038;ssl=1 1200w,https:\/\/i1.wp.com\/ecolesaintetherese-sodt.fr\/wp-content\/uploads\/2023\/09\/IMG_20230904_153456-1-1024x485.jpg?strip=info&#038;w=1500&#038;ssl=1 1500w,https:\/\/i1.wp.com\/ecolesaintetherese-sodt.fr\/wp-content\/uploads\/2023\/09\/IMG_20230904_153456-1-1024x485.jpg?strip=info&#038;w=1800&#038;ssl=1 1800w,https:\/\/i1.wp.com\/ecolesaintetherese-sodt.fr\/wp-content\/uploads\/2023\/09\/IMG_20230904_153456-1-1024x485.jpg?strip=info&#038;w=2000&#038;ssl=1 2000w\" alt=\"\" data-height=\"1213\" data-id=\"1531\" data-link=\"https:\/\/ecolesaintetherese-sodt.fr\/index.php\/la-rentree-2022-2023\/img_20230904_153456-1\/\" data-url=\"https:\/\/ecolesaintetherese-sodt.fr\/wp-content\/uploads\/2023\/09\/IMG_20230904_153456-1-1024x485.jpg\" data-width=\"2560\" src=\"https:\/\/i1.wp.com\/ecolesaintetherese-sodt.fr\/wp-content\/uploads\/2023\/09\/IMG_20230904_153456-1-1024x485.jpg?ssl=1\" data-amp-layout=\"responsive\"\/><\/figure><\/div><\/div><div class=\"tiled-gallery__row\"><div class=\"tiled-gallery__col\" style=\"flex-basis:48.18884%\"><figure class=\"tiled-gallery__item\"><img decoding=\"async\" srcset=\"https:\/\/i2.wp.com\/ecolesaintetherese-sodt.fr\/wp-content\/uploads\/2023\/09\/IMG-20230904-WA0023-1024x768.jpg?strip=info&#038;w=600&#038;ssl=1 600w,https:\/\/i2.wp.com\/ecolesaintetherese-sodt.fr\/wp-content\/uploads\/2023\/09\/IMG-20230904-WA0023-1024x768.jpg?strip=info&#038;w=900&#038;ssl=1 900w,https:\/\/i2.wp.com\/ecolesaintetherese-sodt.fr\/wp-content\/uploads\/2023\/09\/IMG-20230904-WA0023-1024x768.jpg?strip=info&#038;w=1200&#038;ssl=1 1200w,https:\/\/i2.wp.com\/ecolesaintetherese-sodt.fr\/wp-content\/uploads\/2023\/09\/IMG-20230904-WA0023-1024x768.jpg?strip=info&#038;w=1500&#038;ssl=1 1500w,https:\/\/i2.wp.com\/ecolesaintetherese-sodt.fr\/wp-content\/uploads\/2023\/09\/IMG-20230904-WA0023-1024x768.jpg?strip=info&#038;w=1800&#038;ssl=1 1800w,https:\/\/i2.wp.com\/ecolesaintetherese-sodt.fr\/wp-content\/uploads\/2023\/09\/IMG-20230904-WA0023-1024x768.jpg?strip=info&#038;w=2000&#038;ssl=1 2000w\" alt=\"\" data-height=\"1512\" data-id=\"1520\" data-link=\"https:\/\/ecolesaintetherese-sodt.fr\/index.php\/la-rentree-2022-2023\/img-20230904-wa0023\/\" data-url=\"https:\/\/ecolesaintetherese-sodt.fr\/wp-content\/uploads\/2023\/09\/IMG-20230904-WA0023-1024x768.jpg\" data-width=\"2016\" src=\"https:\/\/i2.wp.com\/ecolesaintetherese-sodt.fr\/wp-content\/uploads\/2023\/09\/IMG-20230904-WA0023-1024x768.jpg?ssl=1\" data-amp-layout=\"responsive\"\/><\/figure><figure class=\"tiled-gallery__item\"><img decoding=\"async\" srcset=\"https:\/\/i2.wp.com\/ecolesaintetherese-sodt.fr\/wp-content\/uploads\/2023\/09\/IMG-20230904-WA0029-1024x768.jpg?strip=info&#038;w=600&#038;ssl=1 600w,https:\/\/i2.wp.com\/ecolesaintetherese-sodt.fr\/wp-content\/uploads\/2023\/09\/IMG-20230904-WA0029-1024x768.jpg?strip=info&#038;w=900&#038;ssl=1 900w,https:\/\/i2.wp.com\/ecolesaintetherese-sodt.fr\/wp-content\/uploads\/2023\/09\/IMG-20230904-WA0029-1024x768.jpg?strip=info&#038;w=1200&#038;ssl=1 1200w,https:\/\/i2.wp.com\/ecolesaintetherese-sodt.fr\/wp-content\/uploads\/2023\/09\/IMG-20230904-WA0029-1024x768.jpg?strip=info&#038;w=1500&#038;ssl=1 1500w,https:\/\/i2.wp.com\/ecolesaintetherese-sodt.fr\/wp-content\/uploads\/2023\/09\/IMG-20230904-WA0029-1024x768.jpg?strip=info&#038;w=1800&#038;ssl=1 1800w,https:\/\/i2.wp.com\/ecolesaintetherese-sodt.fr\/wp-content\/uploads\/2023\/09\/IMG-20230904-WA0029-1024x768.jpg?strip=info&#038;w=2000&#038;ssl=1 2000w\" alt=\"\" data-height=\"1512\" data-id=\"1524\" data-link=\"https:\/\/ecolesaintetherese-sodt.fr\/index.php\/la-rentree-2022-2023\/img-20230904-wa0029\/\" data-url=\"https:\/\/ecolesaintetherese-sodt.fr\/wp-content\/uploads\/2023\/09\/IMG-20230904-WA0029-1024x768.jpg\" data-width=\"2016\" src=\"https:\/\/i2.wp.com\/ecolesaintetherese-sodt.fr\/wp-content\/uploads\/2023\/09\/IMG-20230904-WA0029-1024x768.jpg?ssl=1\" data-amp-layout=\"responsive\"\/><\/figure><figure class=\"tiled-gallery__item\"><img decoding=\"async\" srcset=\"https:\/\/i0.wp.com\/ecolesaintetherese-sodt.fr\/wp-content\/uploads\/2023\/09\/IMG-20230904-WA0019-1024x768.jpg?strip=info&#038;w=600&#038;ssl=1 600w,https:\/\/i0.wp.com\/ecolesaintetherese-sodt.fr\/wp-content\/uploads\/2023\/09\/IMG-20230904-WA0019-1024x768.jpg?strip=info&#038;w=900&#038;ssl=1 900w,https:\/\/i0.wp.com\/ecolesaintetherese-sodt.fr\/wp-content\/uploads\/2023\/09\/IMG-20230904-WA0019-1024x768.jpg?strip=info&#038;w=1200&#038;ssl=1 1200w,https:\/\/i0.wp.com\/ecolesaintetherese-sodt.fr\/wp-content\/uploads\/2023\/09\/IMG-20230904-WA0019-1024x768.jpg?strip=info&#038;w=1500&#038;ssl=1 1500w,https:\/\/i0.wp.com\/ecolesaintetherese-sodt.fr\/wp-content\/uploads\/2023\/09\/IMG-20230904-WA0019-1024x768.jpg?strip=info&#038;w=1800&#038;ssl=1 1800w,https:\/\/i0.wp.com\/ecolesaintetherese-sodt.fr\/wp-content\/uploads\/2023\/09\/IMG-20230904-WA0019-1024x768.jpg?strip=info&#038;w=2000&#038;ssl=1 2000w\" alt=\"\" data-height=\"1512\" data-id=\"1525\" data-link=\"https:\/\/ecolesaintetherese-sodt.fr\/index.php\/la-rentree-2022-2023\/img-20230904-wa0019\/\" data-url=\"https:\/\/ecolesaintetherese-sodt.fr\/wp-content\/uploads\/2023\/09\/IMG-20230904-WA0019-1024x768.jpg\" data-width=\"2016\" src=\"https:\/\/i0.wp.com\/ecolesaintetherese-sodt.fr\/wp-content\/uploads\/2023\/09\/IMG-20230904-WA0019-1024x768.jpg?ssl=1\" data-amp-layout=\"responsive\"\/><\/figure><\/div><div class=\"tiled-gallery__col\" style=\"flex-basis:51.81116%\"><figure class=\"tiled-gallery__item\"><img decoding=\"async\" srcset=\"https:\/\/i1.wp.com\/ecolesaintetherese-sodt.fr\/wp-content\/uploads\/2023\/09\/IMG_20230904_133125-1-485x1024.jpg?strip=info&#038;w=600&#038;ssl=1 600w,https:\/\/i1.wp.com\/ecolesaintetherese-sodt.fr\/wp-content\/uploads\/2023\/09\/IMG_20230904_133125-1-485x1024.jpg?strip=info&#038;w=900&#038;ssl=1 900w,https:\/\/i1.wp.com\/ecolesaintetherese-sodt.fr\/wp-content\/uploads\/2023\/09\/IMG_20230904_133125-1-485x1024.jpg?strip=info&#038;w=1200&#038;ssl=1 1200w,https:\/\/i1.wp.com\/ecolesaintetherese-sodt.fr\/wp-content\/uploads\/2023\/09\/IMG_20230904_133125-1-485x1024.jpg?strip=info&#038;w=1213&#038;ssl=1 1213w\" alt=\"\" data-height=\"2560\" data-id=\"1532\" data-link=\"https:\/\/ecolesaintetherese-sodt.fr\/index.php\/la-rentree-2022-2023\/img_20230904_133125-1\/\" data-url=\"https:\/\/ecolesaintetherese-sodt.fr\/wp-content\/uploads\/2023\/09\/IMG_20230904_133125-1-485x1024.jpg\" data-width=\"1213\" src=\"https:\/\/i1.wp.com\/ecolesaintetherese-sodt.fr\/wp-content\/uploads\/2023\/09\/IMG_20230904_133125-1-485x1024.jpg?ssl=1\" data-amp-layout=\"responsive\"\/><\/figure><\/div><\/div><\/div><\/div>\n\n\n","protected":false},"excerpt":{"rendered":"<p>C&rsquo;est avec le sourire que chacun a retrouv\u00e9 ses copains, ses copines, ses maitresses. Le mauvais temps n&rsquo;a pas g\u00e2ch\u00e9 le plaisir de se revoir. D&rsquo;ailleurs, il n&rsquo;y a pas de mauvais temps, mais de mauvaises tenues ! C&rsquo;est le leitmotiv de toute l&rsquo;\u00e9quipe enseignante qui, enthousiaste au regard de la formation suivie sur l&rsquo;\u00e9cole du dehors, se fait une [&hellip;]<\/p>\n","protected":false},"author":1,"featured_media":0,"parent":0,"menu_order":0,"comment_status":"closed","ping_status":"closed","template":"","meta":{"footnotes":""},"class_list":["post-143","page","type-page","status-publish","hentry"],"_links":{"self":[{"href":"https:\/\/ecolesaintetherese-sodt.fr\/index.php\/wp-json\/wp\/v2\/pages\/143","targetHints":{"allow":["GET"]}}],"collection":[{"href":"https:\/\/ecolesaintetherese-sodt.fr\/index.php\/wp-json\/wp\/v2\/pages"}],"about":[{"href":"https:\/\/ecolesaintetherese-sodt.fr\/index.php\/wp-json\/wp\/v2\/types\/page"}],"author":[{"embeddable":true,"href":"https:\/\/ecolesaintetherese-sodt.fr\/index.php\/wp-json\/wp\/v2\/users\/1"}],"replies":[{"embeddable":true,"href":"https:\/\/ecolesaintetherese-sodt.fr\/index.php\/wp-json\/wp\/v2\/comments?post=143"}],"version-history":[{"count":10,"href":"https:\/\/ecolesaintetherese-sodt.fr\/index.php\/wp-json\/wp\/v2\/pages\/143\/revisions"}],"predecessor-version":[{"id":7850,"href":"https:\/\/ecolesaintetherese-sodt.fr\/index.php\/wp-json\/wp\/v2\/pages\/143\/revisions\/7850"}],"wp:attachment":[{"href":"https:\/\/ecolesaintetherese-sodt.fr\/index.php\/wp-json\/wp\/v2\/media?parent=143"}],"curies":[{"name":"wp","href":"https:\/\/api.w.org\/{rel}","templated":true}]}}