{"id":135,"date":"2023-10-09T10:26:54","date_gmt":"2023-10-09T08:26:54","guid":{"rendered":"https:\/\/ecolesaintetherese-sodt.fr\/?page_id=135"},"modified":"2025-01-23T17:01:17","modified_gmt":"2025-01-23T16:01:17","slug":"projet-dannee","status":"publish","type":"page","link":"https:\/\/ecolesaintetherese-sodt.fr\/index.php\/projet-dannee\/","title":{"rendered":"Projet d&rsquo;ann\u00e9e 2024-2025"},"content":{"rendered":"\n<p><strong><em><mark style=\"background-color:rgba(0, 0, 0, 0)\" class=\"has-inline-color has-vivid-green-cyan-color\">Tous dehors !<\/mark><\/em><\/strong><\/p>\n\n\n\n<p class=\"has-text-align-left\">Toutes les enseignantes de l&rsquo;\u00e9cole Sainte Th\u00e9r\u00e8se sont form\u00e9es \u00e0 l&rsquo;<strong><em>\u00e9cole du dehors<\/em><\/strong> aupr\u00e8s d&rsquo;animateurs formateurs nature environnement patrimoine. Les avantages de l&rsquo;\u00e9cole du dehors sont nombreux : au-del\u00e0 de la coh\u00e9sion avec la nature, les enfants vont d\u00e9velopper leurs fonctions sensorielles, s&rsquo;\u00e9veiller, bouger, travailler, manipuler, cr\u00e9er\u2026 Si l\u2019exp\u00e9rience de la classe dehors fixe les apprentissages en sollicitant la <strong>m\u00e9moire \u00e9motionnelle et sensorielle<\/strong>, elle favorise aussi la <strong>mobilit\u00e9<\/strong>, un \u00e9l\u00e9ment essentiel pour apprendre et m\u00e9moriser. Une s\u00e9ance de math\u00e9matiques, de fran\u00e7ais, de sciences ou d&rsquo;art \u00e0 travers un environnement calme, reposant et riche. La t\u00eate, la main, le c\u0153ur : les 3 fondements de l&rsquo;\u00e9cole du dehors.<\/p>\n\n\n\n<p>Les <strong>classes d\u00e9couvertes<\/strong> sont un prolongement de l&rsquo;\u00e9cole du dehors, une exp\u00e9rience riche et constructive qui m\u00e8ne \u00e0 l&rsquo;\u00e9panouissement de l&rsquo;enfant. Les \u00e9l\u00e8ves de cycle 1 partent pour 2 jours, un premier s\u00e9jour qui permet de quitter la maison, papa, maman&#8230; et ainsi de grandir ! C&rsquo;est aussi l&rsquo;occasion de pr\u00e9parer un s\u00e9jour plus long pour les \u00e9l\u00e8ves de cycle de 2 et 3 l&rsquo;ann\u00e9e prochaine.<\/p>\n\n\n\n<p><strong><em><mark style=\"background-color:rgba(0, 0, 0, 0)\" class=\"has-inline-color has-luminous-vivid-amber-color\">En avant la musique !<\/mark><\/em><\/strong><\/p>\n\n\n\n<p>Le projet gospel a laiss\u00e9 un souvenir inoubliable aux enfants, aux parents, aux enseignantes\u2026 Un nouveau projet chant choral est reconduit cette ann\u00e9e aupr\u00e8s des \u00e9l\u00e8ves de CE CM, avec \u00e0 la cl\u00e9, la rencontre avec le groupe Archim\u00e8de. Un travail d&rsquo;\u00e9criture et de composition d&rsquo;une chanson que les \u00e9l\u00e8ves attendent avec impatience que les \u00e9l\u00e8ves restitueront lors d&rsquo;un concert le jeudi 6 mars 2025, \u00e0 20h, \u00e0 la salle du Trianon du Bourgneuf-la-for\u00eat. R\u00e9servation aupr\u00e8s de l&rsquo;\u00e9cole.<\/p>\n\n\n\n<p><\/p>\n\n\n\n<div class=\"wp-block-group\"><div class=\"wp-block-group__inner-container is-layout-constrained wp-block-group-is-layout-constrained\">\n<div class=\"wp-block-jetpack-tiled-gallery aligncenter is-style-rectangular\"><div class=\"tiled-gallery__gallery\"><div class=\"tiled-gallery__row\"><div class=\"tiled-gallery__col\" style=\"flex-basis:25.00000%\"><figure class=\"tiled-gallery__item\"><img decoding=\"async\" srcset=\"https:\/\/i2.wp.com\/ecolesaintetherese-sodt.fr\/wp-content\/uploads\/2024\/11\/1730876189803-771x1024.jpg?strip=info&#038;w=600&#038;ssl=1 600w,https:\/\/i2.wp.com\/ecolesaintetherese-sodt.fr\/wp-content\/uploads\/2024\/11\/1730876189803-771x1024.jpg?strip=info&#038;w=900&#038;ssl=1 900w,https:\/\/i2.wp.com\/ecolesaintetherese-sodt.fr\/wp-content\/uploads\/2024\/11\/1730876189803-771x1024.jpg?strip=info&#038;w=1200&#038;ssl=1 1200w,https:\/\/i2.wp.com\/ecolesaintetherese-sodt.fr\/wp-content\/uploads\/2024\/11\/1730876189803-771x1024.jpg?strip=info&#038;w=1500&#038;ssl=1 1500w,https:\/\/i2.wp.com\/ecolesaintetherese-sodt.fr\/wp-content\/uploads\/2024\/11\/1730876189803-771x1024.jpg?strip=info&#038;w=1800&#038;ssl=1 1800w,https:\/\/i2.wp.com\/ecolesaintetherese-sodt.fr\/wp-content\/uploads\/2024\/11\/1730876189803-771x1024.jpg?strip=info&#038;w=1928&#038;ssl=1 1928w\" alt=\"\" data-height=\"2560\" data-id=\"3515\" data-link=\"https:\/\/ecolesaintetherese-sodt.fr\/index.php\/projet-dannee\/attachment\/1730876189803\/\" data-url=\"https:\/\/ecolesaintetherese-sodt.fr\/wp-content\/uploads\/2024\/11\/1730876189803-771x1024.jpg\" data-width=\"1928\" src=\"https:\/\/i2.wp.com\/ecolesaintetherese-sodt.fr\/wp-content\/uploads\/2024\/11\/1730876189803-771x1024.jpg?ssl=1\" data-amp-layout=\"responsive\"\/><\/figure><\/div><div class=\"tiled-gallery__col\" style=\"flex-basis:25.00000%\"><figure class=\"tiled-gallery__item\"><img decoding=\"async\" srcset=\"https:\/\/i0.wp.com\/ecolesaintetherese-sodt.fr\/wp-content\/uploads\/2024\/11\/1730876189811-771x1024.jpg?strip=info&#038;w=600&#038;ssl=1 600w,https:\/\/i0.wp.com\/ecolesaintetherese-sodt.fr\/wp-content\/uploads\/2024\/11\/1730876189811-771x1024.jpg?strip=info&#038;w=900&#038;ssl=1 900w,https:\/\/i0.wp.com\/ecolesaintetherese-sodt.fr\/wp-content\/uploads\/2024\/11\/1730876189811-771x1024.jpg?strip=info&#038;w=1200&#038;ssl=1 1200w,https:\/\/i0.wp.com\/ecolesaintetherese-sodt.fr\/wp-content\/uploads\/2024\/11\/1730876189811-771x1024.jpg?strip=info&#038;w=1500&#038;ssl=1 1500w,https:\/\/i0.wp.com\/ecolesaintetherese-sodt.fr\/wp-content\/uploads\/2024\/11\/1730876189811-771x1024.jpg?strip=info&#038;w=1800&#038;ssl=1 1800w,https:\/\/i0.wp.com\/ecolesaintetherese-sodt.fr\/wp-content\/uploads\/2024\/11\/1730876189811-771x1024.jpg?strip=info&#038;w=1928&#038;ssl=1 1928w\" alt=\"\" data-height=\"2560\" data-id=\"3516\" data-link=\"https:\/\/ecolesaintetherese-sodt.fr\/index.php\/projet-dannee\/attachment\/1730876189811\/\" data-url=\"https:\/\/ecolesaintetherese-sodt.fr\/wp-content\/uploads\/2024\/11\/1730876189811-771x1024.jpg\" data-width=\"1928\" src=\"https:\/\/i0.wp.com\/ecolesaintetherese-sodt.fr\/wp-content\/uploads\/2024\/11\/1730876189811-771x1024.jpg?ssl=1\" data-amp-layout=\"responsive\"\/><\/figure><\/div><div class=\"tiled-gallery__col\" style=\"flex-basis:25.00000%\"><figure class=\"tiled-gallery__item\"><img decoding=\"async\" srcset=\"https:\/\/i0.wp.com\/ecolesaintetherese-sodt.fr\/wp-content\/uploads\/2024\/11\/1730876189828-771x1024.jpg?strip=info&#038;w=600&#038;ssl=1 600w,https:\/\/i0.wp.com\/ecolesaintetherese-sodt.fr\/wp-content\/uploads\/2024\/11\/1730876189828-771x1024.jpg?strip=info&#038;w=900&#038;ssl=1 900w,https:\/\/i0.wp.com\/ecolesaintetherese-sodt.fr\/wp-content\/uploads\/2024\/11\/1730876189828-771x1024.jpg?strip=info&#038;w=1200&#038;ssl=1 1200w,https:\/\/i0.wp.com\/ecolesaintetherese-sodt.fr\/wp-content\/uploads\/2024\/11\/1730876189828-771x1024.jpg?strip=info&#038;w=1500&#038;ssl=1 1500w,https:\/\/i0.wp.com\/ecolesaintetherese-sodt.fr\/wp-content\/uploads\/2024\/11\/1730876189828-771x1024.jpg?strip=info&#038;w=1800&#038;ssl=1 1800w,https:\/\/i0.wp.com\/ecolesaintetherese-sodt.fr\/wp-content\/uploads\/2024\/11\/1730876189828-771x1024.jpg?strip=info&#038;w=1928&#038;ssl=1 1928w\" alt=\"\" data-height=\"2560\" data-id=\"3517\" data-link=\"https:\/\/ecolesaintetherese-sodt.fr\/index.php\/projet-dannee\/attachment\/1730876189828\/\" data-url=\"https:\/\/ecolesaintetherese-sodt.fr\/wp-content\/uploads\/2024\/11\/1730876189828-771x1024.jpg\" data-width=\"1928\" src=\"https:\/\/i0.wp.com\/ecolesaintetherese-sodt.fr\/wp-content\/uploads\/2024\/11\/1730876189828-771x1024.jpg?ssl=1\" data-amp-layout=\"responsive\"\/><\/figure><\/div><div class=\"tiled-gallery__col\" style=\"flex-basis:25.00000%\"><figure class=\"tiled-gallery__item\"><img decoding=\"async\" srcset=\"https:\/\/i0.wp.com\/ecolesaintetherese-sodt.fr\/wp-content\/uploads\/2024\/11\/1730876248183-771x1024.jpg?strip=info&#038;w=600&#038;ssl=1 600w,https:\/\/i0.wp.com\/ecolesaintetherese-sodt.fr\/wp-content\/uploads\/2024\/11\/1730876248183-771x1024.jpg?strip=info&#038;w=900&#038;ssl=1 900w,https:\/\/i0.wp.com\/ecolesaintetherese-sodt.fr\/wp-content\/uploads\/2024\/11\/1730876248183-771x1024.jpg?strip=info&#038;w=1200&#038;ssl=1 1200w,https:\/\/i0.wp.com\/ecolesaintetherese-sodt.fr\/wp-content\/uploads\/2024\/11\/1730876248183-771x1024.jpg?strip=info&#038;w=1500&#038;ssl=1 1500w,https:\/\/i0.wp.com\/ecolesaintetherese-sodt.fr\/wp-content\/uploads\/2024\/11\/1730876248183-771x1024.jpg?strip=info&#038;w=1800&#038;ssl=1 1800w,https:\/\/i0.wp.com\/ecolesaintetherese-sodt.fr\/wp-content\/uploads\/2024\/11\/1730876248183-771x1024.jpg?strip=info&#038;w=1928&#038;ssl=1 1928w\" alt=\"\" data-height=\"2560\" data-id=\"3520\" data-link=\"https:\/\/ecolesaintetherese-sodt.fr\/index.php\/projet-dannee\/attachment\/1730876248183\/\" data-url=\"https:\/\/ecolesaintetherese-sodt.fr\/wp-content\/uploads\/2024\/11\/1730876248183-771x1024.jpg\" data-width=\"1928\" src=\"https:\/\/i0.wp.com\/ecolesaintetherese-sodt.fr\/wp-content\/uploads\/2024\/11\/1730876248183-771x1024.jpg?ssl=1\" data-amp-layout=\"responsive\"\/><\/figure><\/div><\/div><div class=\"tiled-gallery__row\"><div class=\"tiled-gallery__col\" style=\"flex-basis:33.33333%\"><figure class=\"tiled-gallery__item\"><img decoding=\"async\" srcset=\"https:\/\/i1.wp.com\/ecolesaintetherese-sodt.fr\/wp-content\/uploads\/2024\/11\/1730876189844-771x1024.jpg?strip=info&#038;w=600&#038;ssl=1 600w,https:\/\/i1.wp.com\/ecolesaintetherese-sodt.fr\/wp-content\/uploads\/2024\/11\/1730876189844-771x1024.jpg?strip=info&#038;w=900&#038;ssl=1 900w,https:\/\/i1.wp.com\/ecolesaintetherese-sodt.fr\/wp-content\/uploads\/2024\/11\/1730876189844-771x1024.jpg?strip=info&#038;w=1200&#038;ssl=1 1200w,https:\/\/i1.wp.com\/ecolesaintetherese-sodt.fr\/wp-content\/uploads\/2024\/11\/1730876189844-771x1024.jpg?strip=info&#038;w=1500&#038;ssl=1 1500w,https:\/\/i1.wp.com\/ecolesaintetherese-sodt.fr\/wp-content\/uploads\/2024\/11\/1730876189844-771x1024.jpg?strip=info&#038;w=1800&#038;ssl=1 1800w,https:\/\/i1.wp.com\/ecolesaintetherese-sodt.fr\/wp-content\/uploads\/2024\/11\/1730876189844-771x1024.jpg?strip=info&#038;w=1928&#038;ssl=1 1928w\" alt=\"\" data-height=\"2560\" data-id=\"3514\" data-link=\"https:\/\/ecolesaintetherese-sodt.fr\/index.php\/projet-dannee\/attachment\/1730876189844\/\" data-url=\"https:\/\/ecolesaintetherese-sodt.fr\/wp-content\/uploads\/2024\/11\/1730876189844-771x1024.jpg\" data-width=\"1928\" src=\"https:\/\/i1.wp.com\/ecolesaintetherese-sodt.fr\/wp-content\/uploads\/2024\/11\/1730876189844-771x1024.jpg?ssl=1\" data-amp-layout=\"responsive\"\/><\/figure><\/div><div class=\"tiled-gallery__col\" style=\"flex-basis:33.33333%\"><figure class=\"tiled-gallery__item\"><img decoding=\"async\" srcset=\"https:\/\/i0.wp.com\/ecolesaintetherese-sodt.fr\/wp-content\/uploads\/2024\/11\/1730876189837-771x1024.jpg?strip=info&#038;w=600&#038;ssl=1 600w,https:\/\/i0.wp.com\/ecolesaintetherese-sodt.fr\/wp-content\/uploads\/2024\/11\/1730876189837-771x1024.jpg?strip=info&#038;w=900&#038;ssl=1 900w,https:\/\/i0.wp.com\/ecolesaintetherese-sodt.fr\/wp-content\/uploads\/2024\/11\/1730876189837-771x1024.jpg?strip=info&#038;w=1200&#038;ssl=1 1200w,https:\/\/i0.wp.com\/ecolesaintetherese-sodt.fr\/wp-content\/uploads\/2024\/11\/1730876189837-771x1024.jpg?strip=info&#038;w=1500&#038;ssl=1 1500w,https:\/\/i0.wp.com\/ecolesaintetherese-sodt.fr\/wp-content\/uploads\/2024\/11\/1730876189837-771x1024.jpg?strip=info&#038;w=1800&#038;ssl=1 1800w,https:\/\/i0.wp.com\/ecolesaintetherese-sodt.fr\/wp-content\/uploads\/2024\/11\/1730876189837-771x1024.jpg?strip=info&#038;w=1928&#038;ssl=1 1928w\" alt=\"\" data-height=\"2560\" data-id=\"3518\" data-link=\"https:\/\/ecolesaintetherese-sodt.fr\/index.php\/projet-dannee\/attachment\/1730876189837\/\" data-url=\"https:\/\/ecolesaintetherese-sodt.fr\/wp-content\/uploads\/2024\/11\/1730876189837-771x1024.jpg\" data-width=\"1928\" src=\"https:\/\/i0.wp.com\/ecolesaintetherese-sodt.fr\/wp-content\/uploads\/2024\/11\/1730876189837-771x1024.jpg?ssl=1\" data-amp-layout=\"responsive\"\/><\/figure><\/div><div class=\"tiled-gallery__col\" style=\"flex-basis:33.33333%\"><figure class=\"tiled-gallery__item\"><img decoding=\"async\" srcset=\"https:\/\/i1.wp.com\/ecolesaintetherese-sodt.fr\/wp-content\/uploads\/2024\/11\/1730876248208-771x1024.jpg?strip=info&#038;w=600&#038;ssl=1 600w,https:\/\/i1.wp.com\/ecolesaintetherese-sodt.fr\/wp-content\/uploads\/2024\/11\/1730876248208-771x1024.jpg?strip=info&#038;w=900&#038;ssl=1 900w,https:\/\/i1.wp.com\/ecolesaintetherese-sodt.fr\/wp-content\/uploads\/2024\/11\/1730876248208-771x1024.jpg?strip=info&#038;w=1200&#038;ssl=1 1200w,https:\/\/i1.wp.com\/ecolesaintetherese-sodt.fr\/wp-content\/uploads\/2024\/11\/1730876248208-771x1024.jpg?strip=info&#038;w=1500&#038;ssl=1 1500w,https:\/\/i1.wp.com\/ecolesaintetherese-sodt.fr\/wp-content\/uploads\/2024\/11\/1730876248208-771x1024.jpg?strip=info&#038;w=1800&#038;ssl=1 1800w,https:\/\/i1.wp.com\/ecolesaintetherese-sodt.fr\/wp-content\/uploads\/2024\/11\/1730876248208-771x1024.jpg?strip=info&#038;w=1928&#038;ssl=1 1928w\" alt=\"\" data-height=\"2560\" data-id=\"3519\" data-link=\"https:\/\/ecolesaintetherese-sodt.fr\/index.php\/projet-dannee\/attachment\/1730876248208\/\" data-url=\"https:\/\/ecolesaintetherese-sodt.fr\/wp-content\/uploads\/2024\/11\/1730876248208-771x1024.jpg\" data-width=\"1928\" src=\"https:\/\/i1.wp.com\/ecolesaintetherese-sodt.fr\/wp-content\/uploads\/2024\/11\/1730876248208-771x1024.jpg?ssl=1\" data-amp-layout=\"responsive\"\/><\/figure><\/div><\/div><\/div><\/div>\n<\/div><\/div>\n\n\n\n<div class=\"wp-block-jetpack-tiled-gallery aligncenter is-style-rectangular\"><div class=\"tiled-gallery__gallery\"><div class=\"tiled-gallery__row\"><div class=\"tiled-gallery__col\" style=\"flex-basis:100.00000%\"><figure class=\"tiled-gallery__item\"><img decoding=\"async\" srcset=\"https:\/\/i0.wp.com\/ecolesaintetherese-sodt.fr\/wp-content\/uploads\/2025\/01\/infographie_parents_cl_dehors-410x1024.jpeg?strip=info&#038;w=600&#038;ssl=1 600w,https:\/\/i0.wp.com\/ecolesaintetherese-sodt.fr\/wp-content\/uploads\/2025\/01\/infographie_parents_cl_dehors-410x1024.jpeg?strip=info&#038;w=640&#038;ssl=1 640w\" alt=\"\" data-height=\"1600\" data-id=\"4208\" data-link=\"https:\/\/ecolesaintetherese-sodt.fr\/index.php\/projet-dannee\/infographie_parents_cl_dehors\/\" data-url=\"https:\/\/ecolesaintetherese-sodt.fr\/wp-content\/uploads\/2025\/01\/infographie_parents_cl_dehors-410x1024.jpeg\" data-width=\"640\" src=\"https:\/\/i0.wp.com\/ecolesaintetherese-sodt.fr\/wp-content\/uploads\/2025\/01\/infographie_parents_cl_dehors-410x1024.jpeg?ssl=1\" data-amp-layout=\"responsive\"\/><\/figure><\/div><\/div><\/div><\/div>\n","protected":false},"excerpt":{"rendered":"<p>Tous dehors ! Toutes les enseignantes de l&rsquo;\u00e9cole Sainte Th\u00e9r\u00e8se sont form\u00e9es \u00e0 l&rsquo;\u00e9cole du dehors aupr\u00e8s d&rsquo;animateurs formateurs nature environnement patrimoine. Les avantages de l&rsquo;\u00e9cole du dehors sont nombreux : au-del\u00e0 de la coh\u00e9sion avec la nature, les enfants vont d\u00e9velopper leurs fonctions sensorielles, s&rsquo;\u00e9veiller, bouger, travailler, manipuler, cr\u00e9er\u2026 Si l\u2019exp\u00e9rience de la classe dehors fixe les apprentissages en [&hellip;]<\/p>\n","protected":false},"author":1,"featured_media":0,"parent":0,"menu_order":0,"comment_status":"closed","ping_status":"closed","template":"","meta":{"footnotes":""},"class_list":["post-135","page","type-page","status-publish","hentry"],"_links":{"self":[{"href":"https:\/\/ecolesaintetherese-sodt.fr\/index.php\/wp-json\/wp\/v2\/pages\/135","targetHints":{"allow":["GET"]}}],"collection":[{"href":"https:\/\/ecolesaintetherese-sodt.fr\/index.php\/wp-json\/wp\/v2\/pages"}],"about":[{"href":"https:\/\/ecolesaintetherese-sodt.fr\/index.php\/wp-json\/wp\/v2\/types\/page"}],"author":[{"embeddable":true,"href":"https:\/\/ecolesaintetherese-sodt.fr\/index.php\/wp-json\/wp\/v2\/users\/1"}],"replies":[{"embeddable":true,"href":"https:\/\/ecolesaintetherese-sodt.fr\/index.php\/wp-json\/wp\/v2\/comments?post=135"}],"version-history":[{"count":20,"href":"https:\/\/ecolesaintetherese-sodt.fr\/index.php\/wp-json\/wp\/v2\/pages\/135\/revisions"}],"predecessor-version":[{"id":7851,"href":"https:\/\/ecolesaintetherese-sodt.fr\/index.php\/wp-json\/wp\/v2\/pages\/135\/revisions\/7851"}],"wp:attachment":[{"href":"https:\/\/ecolesaintetherese-sodt.fr\/index.php\/wp-json\/wp\/v2\/media?parent=135"}],"curies":[{"name":"wp","href":"https:\/\/api.w.org\/{rel}","templated":true}]}}