{"id":114,"date":"2022-07-21T14:45:50","date_gmt":"2022-07-21T12:45:50","guid":{"rendered":"https:\/\/ecolesaintetherese-sodt.fr\/?page_id=114"},"modified":"2026-01-06T12:37:36","modified_gmt":"2026-01-06T11:37:36","slug":"associations-de-parents","status":"publish","type":"page","link":"https:\/\/ecolesaintetherese-sodt.fr\/index.php\/associations-de-parents\/","title":{"rendered":"Associations de parents 2025-2026"},"content":{"rendered":"\n<div class=\"wp-block-columns is-layout-flex wp-container-core-columns-is-layout-9d6595d7 wp-block-columns-is-layout-flex\">\n<div class=\"wp-block-column is-vertically-aligned-center is-layout-flow wp-block-column-is-layout-flow\">\n<p class=\"has-text-align-center\"><strong>APEL<\/strong><\/p>\n\n\n\n<p class=\"has-text-align-center\">Tiphaine GANDON.\u00a0(pr\u00e9sidente) \u00a0 \u00a0<\/p>\n\n\n\n<p class=\"has-text-align-center\">Tiffany CHAPELLIERE (tr\u00e9sori\u00e8re) &nbsp; &nbsp;<\/p>\n\n\n\n<p class=\"has-text-align-center\">Emilie BOUDONNET (secr\u00e9taire) &nbsp; &nbsp;<\/p>\n<\/div>\n\n\n\n<div class=\"wp-block-column is-vertically-aligned-center is-layout-flow wp-block-column-is-layout-flow\">\n<p class=\"has-text-align-center\"><strong>OGEC<\/strong><\/p>\n\n\n\n<p class=\"has-text-align-center\">&nbsp;&nbsp;&nbsp;Lucie MARQUET (pr\u00e9sidente)&nbsp;<\/p>\n\n\n\n<p class=\"has-text-align-center\">Alexandre LEGRAND (tr\u00e9sorier)<\/p>\n\n\n\n<p class=\"has-text-align-center\">Ana\u00efs FAUCHON (secr\u00e9taire)<\/p>\n<\/div>\n<\/div>\n\n\n\n<p>Les parents s&rsquo;investissent dans l&rsquo;\u00e9cole\u2026 n&rsquo;h\u00e9sitez pas \u00e0 venir les rejoindre !<\/p>\n\n\n\n<p><strong>L&rsquo;Organisme de Gestion de l&rsquo;Enseignement Catholique<\/strong> (OGEC) a pour but d&rsquo;offrir, \u00e0 l&rsquo;\u00e9quipe \u00e9ducative ainsi qu&rsquo;aux enfants, de bonnes conditions de travail.<\/p>\n\n\n\n<p>L&rsquo;OGEC intervient dans 3 domaines:<\/p>\n\n\n\n<ul class=\"wp-block-list\">\n<li>La gestion \u00e9conomique et financi\u00e8re: l&rsquo;OGEC assure la vie mat\u00e9rielle et financi\u00e8re de l&rsquo;\u00e9tablissement<\/li>\n\n\n\n<li>La gestion sociale : L&rsquo;OGEC est l&#8217;employeur du personnel non-enseignant<\/li>\n\n\n\n<li>La gestion immobili\u00e8re : l&rsquo;OGEC a la charge de l&rsquo;entretien des b\u00e2timents scolaires, avec la collaboration des parents d&rsquo;\u00e9l\u00e8ves.<\/li>\n<\/ul>\n\n\n\n<p>L\u2019OGEC est compos\u00e9 de personnes proches de l\u2019\u00e9cole, r\u00e9sidants sur la Commune et qui souhaitent apporter leur aide. Pour \u00eatre membre de l\u2019OGEC, il suffit de pr\u00e9senter sa candidature lors de l\u2019Assembl\u00e9e G\u00e9n\u00e9rale annuelle qui se d\u00e9roule au d\u00e9but du mois d\u2019octobre.<\/p>\n\n\n\n<p><strong>L\u2019Association des Parents d&rsquo;\u00e9l\u00e8ves de l&rsquo;Enseignement Libre<\/strong> (APEL) repr\u00e9sente l&rsquo;ensemble des parents de l&rsquo;\u00e9tablissement. Son r\u00f4le est d&rsquo;accueillir, d&rsquo;animer, d&rsquo;informer, de conseiller et de repr\u00e9senter les parents d&rsquo;\u00e9l\u00e8ves.<\/p>\n\n\n\n<p>Dynamique, l&rsquo;association propose des manifestations (pressage de jus de pommes, spectacle de No\u00ebl, kermesse\u2026) afin de financer les projets p\u00e9dagogiques des enfants (sorties scolaires, journ\u00e9es sportives, jeux de cour\u2026).<\/p>\n\n\n\n<p>Chaque parent qui le souhaite peut faire partie de l\u2019APEL. Il suffit pour cela de pr\u00e9senter sa candidature lors de l\u2019Assembl\u00e9e G\u00e9n\u00e9rale annuelle qui se d\u00e9roule en d\u00e9but d\u2019ann\u00e9e scolaire.<\/p>\n\n\n\n<p><strong>C&rsquo;est gr\u00e2ce \u00e0 l&rsquo;investissement de chacun que nous offrons une meilleure qualit\u00e9 de vie et d&rsquo;apprentissage pour nos enfants \u00e0 l&rsquo;\u00e9cole.<\/strong><\/p>\n\n\n\n<p><\/p>\n\n\n\n<figure class=\"wp-block-gallery has-nested-images columns-default is-cropped wp-block-gallery-1 is-layout-flex wp-block-gallery-is-layout-flex\">\n<figure class=\"wp-block-image size-large\"><img loading=\"lazy\" decoding=\"async\" width=\"272\" height=\"185\" data-id=\"3362\" src=\"https:\/\/ecolesaintetherese-sodt.fr\/wp-content\/uploads\/2024\/10\/apel-logo.png\" alt=\"\" class=\"wp-image-3362\"\/><\/figure>\n<\/figure>\n","protected":false},"excerpt":{"rendered":"<p>APEL Tiphaine GANDON.\u00a0(pr\u00e9sidente) \u00a0 \u00a0 Tiffany CHAPELLIERE (tr\u00e9sori\u00e8re) &nbsp; &nbsp; Emilie BOUDONNET (secr\u00e9taire) &nbsp; &nbsp; OGEC &nbsp;&nbsp;&nbsp;Lucie MARQUET (pr\u00e9sidente)&nbsp; Alexandre LEGRAND (tr\u00e9sorier) Ana\u00efs FAUCHON (secr\u00e9taire) Les parents s&rsquo;investissent dans l&rsquo;\u00e9cole\u2026 n&rsquo;h\u00e9sitez pas \u00e0 venir les rejoindre ! L&rsquo;Organisme de Gestion de l&rsquo;Enseignement Catholique (OGEC) a pour but d&rsquo;offrir, \u00e0 l&rsquo;\u00e9quipe \u00e9ducative ainsi qu&rsquo;aux enfants, de bonnes conditions de travail. L&rsquo;OGEC [&hellip;]<\/p>\n","protected":false},"author":1,"featured_media":0,"parent":0,"menu_order":0,"comment_status":"closed","ping_status":"closed","template":"","meta":{"footnotes":""},"class_list":["post-114","page","type-page","status-publish","hentry"],"_links":{"self":[{"href":"https:\/\/ecolesaintetherese-sodt.fr\/index.php\/wp-json\/wp\/v2\/pages\/114","targetHints":{"allow":["GET"]}}],"collection":[{"href":"https:\/\/ecolesaintetherese-sodt.fr\/index.php\/wp-json\/wp\/v2\/pages"}],"about":[{"href":"https:\/\/ecolesaintetherese-sodt.fr\/index.php\/wp-json\/wp\/v2\/types\/page"}],"author":[{"embeddable":true,"href":"https:\/\/ecolesaintetherese-sodt.fr\/index.php\/wp-json\/wp\/v2\/users\/1"}],"replies":[{"embeddable":true,"href":"https:\/\/ecolesaintetherese-sodt.fr\/index.php\/wp-json\/wp\/v2\/comments?post=114"}],"version-history":[{"count":10,"href":"https:\/\/ecolesaintetherese-sodt.fr\/index.php\/wp-json\/wp\/v2\/pages\/114\/revisions"}],"predecessor-version":[{"id":7864,"href":"https:\/\/ecolesaintetherese-sodt.fr\/index.php\/wp-json\/wp\/v2\/pages\/114\/revisions\/7864"}],"wp:attachment":[{"href":"https:\/\/ecolesaintetherese-sodt.fr\/index.php\/wp-json\/wp\/v2\/media?parent=114"}],"curies":[{"name":"wp","href":"https:\/\/api.w.org\/{rel}","templated":true}]}}